{"id":210,"date":"2020-01-25T20:44:48","date_gmt":"2020-01-25T19:44:48","guid":{"rendered":"https:\/\/www.naturkosmetiknuernberg.de\/impressum\/"},"modified":"2023-09-20T19:37:35","modified_gmt":"2023-09-20T17:37:35","slug":"mentions-legales","status":"publish","type":"page","link":"https:\/\/www.naturkosmetiknuernberg.de\/fr\/mentions-legales\/","title":{"rendered":"Mentions l\u00e9gales"},"content":{"rendered":"\n<h2 class=\"wp-block-heading\">Identification l\u00e9gale du fournisseur :<\/h2>\n\n\n\n<p>Sladjan Lazic Schaidlerstr. 14 81379 M\u00fcnchen Deutschland E-Mail: info [at] naturkosmetiknuernberg [dot] de <\/p>\n\n\n\n<h3 class=\"wp-block-heading\">Inhaltlich Verantwortlicher gem\u00e4\u00df \u00a7 55 RStV:<\/h3>\n\n\n\n<p>Sladjan Lazic Schaidlerstr. 14 D-81379 M\u00fcnchen Die Europ\u00e4ische Kommission stellt eine Plattform f\u00fcr die au\u00dfergerichtliche Online-Streitbeilegung (OS-Plattform) bereit, aufrufbar unter <a href=\"https:\/\/ec.europa.eu\/odr\">https:\/\/ec.europa.eu\/odr<\/a>. <\/p>\n\n\n\n<h3 class=\"wp-block-heading\">Rechtliche Hinweise zur Webseite<\/h3>\n\n\n\n<p>Alle Texte, Bilder und weiter hier ver\u00f6ffentlichten Informationen unterliegen dem Urheberrecht des Anbieters, soweit nicht Urheberrechte Dritter bestehen. In jedem Fall ist eine Vervielf\u00e4ltigung, Verbreitung oder \u00f6ffentliche Wiedergabe ausschlie\u00dflich im Falle einer widerruflichen und nicht \u00fcbertragbaren Zustimmung des Anbieters gestattet. F\u00fcr alle mittels Querverweis (Link) verbundenen Webinhalte \u00fcbernimmt der Anbieter keine Verantwortung, da es sich hierbei nicht um eigene Inhalte handelt. Die verlinkten Seiten wurden auf rechtswidrige Inhalte \u00fcberpr\u00fcft, zum Zeitpunkt der Verlinkung waren solche nicht erkennbar. Verantwortlich f\u00fcr den Inhalt der verlinkten Seiten ist deren Betreiber. Der Anbieter hat hierzu keine allgemeine \u00dcberwachungs- und Pr\u00fcfungspflicht. Bei Bekanntwerden einer Rechtsverletzung wird der entsprechende Link jedoch umgehend entfernt. <\/p>\n\n\n\n<h3 class=\"wp-block-heading\">Bildverwendungsnachweis<\/h3>\n\n\n\n<p>Die Fotos und Grafiken stammen von Sladjan Lazic. Diese wurden selbst aufgenommen und die Grafiken selbst erstellt. In einigen F\u00e4llen wird das Foto- und Bildmaterial von folgenden Quellen lizenzrechtlich erworben: <a href=\"https:\/\/de.wikipedia.org\/wiki\/Wikipedia:Weiternutzung\" target=\"_blank\" rel=\"noopener nofollow noreferrer\">Wikipedia<\/a> (Creative-Commons-Lizenz) <a href=\"https:\/\/unsplash.com\/\" target=\"_blank\" rel=\"noopener nofollow noreferrer\">Unsplash<\/a><a href=\"https:\/\/snip.ly\/u5k7f#https:\/\/stocksnap.io\/\" target=\"_blank\" rel=\"noopener nofollow noreferrer\">StockSnap.io <\/a><\/p>\n","protected":false},"excerpt":{"rendered":"<p>Identification l\u00e9gale du fournisseur : Sladjan Lazic Schaidlerstr. 14 81379 M\u00fcnchen Deutschland E-Mail: info [at] naturkosmetiknuernberg [dot] de Inhaltlich Verantwortlicher gem\u00e4\u00df \u00a7 55 RStV: Sladjan Lazic Schaidlerstr. 14 D-81379 M\u00fcnchen Die Europ\u00e4ische Kommission stellt eine Plattform f\u00fcr die au\u00dfergerichtliche Online-Streitbeilegung (OS-Plattform) bereit, aufrufbar unter https:\/\/ec.europa.eu\/odr. Rechtliche Hinweise zur Webseite Alle Texte, Bilder und weiter hier [&#8230;]\n","protected":false},"author":1,"featured_media":0,"parent":0,"menu_order":0,"comment_status":"closed","ping_status":"closed","template":"","meta":{"_mi_skip_tracking":false,"_monsterinsights_sitenote_active":false,"_monsterinsights_sitenote_note":"","_monsterinsights_sitenote_category":0,"footnotes":""},"yoast_head":"<!-- This site is optimized with the Yoast SEO plugin v21.2 - https:\/\/yoast.com\/wordpress\/plugins\/seo\/ -->\n<title>Mentions l\u00e9gales - Naturkosmetik N\u00fcrnberg<\/title>\n<meta name=\"robots\" content=\"index, follow, max-snippet:-1, max-image-preview:large, max-video-preview:-1\" \/>\n<link rel=\"canonical\" href=\"https:\/\/www.naturkosmetiknuernberg.de\/fr\/mentions-legales\/\" \/>\n<meta property=\"og:locale\" content=\"fr_FR\" \/>\n<meta property=\"og:type\" content=\"article\" \/>\n<meta property=\"og:title\" content=\"Mentions l\u00e9gales - Naturkosmetik N\u00fcrnberg\" \/>\n<meta property=\"og:description\" content=\"Identification l\u00e9gale du fournisseur : Sladjan Lazic Schaidlerstr. 14 81379 M\u00fcnchen Deutschland E-Mail: info [at] naturkosmetiknuernberg [dot] de Inhaltlich Verantwortlicher gem\u00e4\u00df \u00a7 55 RStV: Sladjan Lazic Schaidlerstr. 14 D-81379 M\u00fcnchen Die Europ\u00e4ische Kommission stellt eine Plattform f\u00fcr die au\u00dfergerichtliche Online-Streitbeilegung (OS-Plattform) bereit, aufrufbar unter https:\/\/ec.europa.eu\/odr. Rechtliche Hinweise zur Webseite Alle Texte, Bilder und weiter hier [...]\" \/>\n<meta property=\"og:url\" content=\"https:\/\/www.naturkosmetiknuernberg.de\/fr\/mentions-legales\/\" \/>\n<meta property=\"og:site_name\" content=\"Naturkosmetik N\u00fcrnberg\" \/>\n<meta property=\"article:modified_time\" content=\"2023-09-20T17:37:35+00:00\" \/>\n<meta name=\"twitter:card\" content=\"summary_large_image\" \/>\n<meta name=\"twitter:label1\" content=\"Dur\u00e9e de lecture estim\u00e9e\" \/>\n\t<meta name=\"twitter:data1\" content=\"2 minutes\" \/>\n<script type=\"application\/ld+json\" class=\"yoast-schema-graph\">{\"@context\":\"https:\/\/schema.org\",\"@graph\":[{\"@type\":\"WebPage\",\"@id\":\"https:\/\/www.naturkosmetiknuernberg.de\/fr\/mentions-legales\/\",\"url\":\"https:\/\/www.naturkosmetiknuernberg.de\/fr\/mentions-legales\/\",\"name\":\"Mentions l\u00e9gales - Naturkosmetik N\u00fcrnberg\",\"isPartOf\":{\"@id\":\"https:\/\/www.naturkosmetiknuernberg.de\/fr\/#website\"},\"datePublished\":\"2020-01-25T19:44:48+00:00\",\"dateModified\":\"2023-09-20T17:37:35+00:00\",\"breadcrumb\":{\"@id\":\"https:\/\/www.naturkosmetiknuernberg.de\/fr\/mentions-legales\/#breadcrumb\"},\"inLanguage\":\"fr-FR\",\"potentialAction\":[{\"@type\":\"ReadAction\",\"target\":[\"https:\/\/www.naturkosmetiknuernberg.de\/fr\/mentions-legales\/\"]}]},{\"@type\":\"BreadcrumbList\",\"@id\":\"https:\/\/www.naturkosmetiknuernberg.de\/fr\/mentions-legales\/#breadcrumb\",\"itemListElement\":[{\"@type\":\"ListItem\",\"position\":1,\"name\":\"Startseite\",\"item\":\"https:\/\/www.naturkosmetiknuernberg.de\/fr\/home\/\"},{\"@type\":\"ListItem\",\"position\":2,\"name\":\"Mentions l\u00e9gales\"}]},{\"@type\":\"WebSite\",\"@id\":\"https:\/\/www.naturkosmetiknuernberg.de\/fr\/#website\",\"url\":\"https:\/\/www.naturkosmetiknuernberg.de\/fr\/\",\"name\":\"Naturkosmetik N\u00fcrnberg\",\"description\":\"\",\"potentialAction\":[{\"@type\":\"SearchAction\",\"target\":{\"@type\":\"EntryPoint\",\"urlTemplate\":\"https:\/\/www.naturkosmetiknuernberg.de\/fr\/?s={search_term_string}\"},\"query-input\":\"required name=search_term_string\"}],\"inLanguage\":\"fr-FR\"}]}<\/script>\n<!-- \/ Yoast SEO plugin. -->","yoast_head_json":{"title":"Mentions l\u00e9gales - Naturkosmetik N\u00fcrnberg","robots":{"index":"index","follow":"follow","max-snippet":"max-snippet:-1","max-image-preview":"max-image-preview:large","max-video-preview":"max-video-preview:-1"},"canonical":"https:\/\/www.naturkosmetiknuernberg.de\/fr\/mentions-legales\/","og_locale":"fr_FR","og_type":"article","og_title":"Mentions l\u00e9gales - Naturkosmetik N\u00fcrnberg","og_description":"Identification l\u00e9gale du fournisseur : Sladjan Lazic Schaidlerstr. 14 81379 M\u00fcnchen Deutschland E-Mail: info [at] naturkosmetiknuernberg [dot] de Inhaltlich Verantwortlicher gem\u00e4\u00df \u00a7 55 RStV: Sladjan Lazic Schaidlerstr. 14 D-81379 M\u00fcnchen Die Europ\u00e4ische Kommission stellt eine Plattform f\u00fcr die au\u00dfergerichtliche Online-Streitbeilegung (OS-Plattform) bereit, aufrufbar unter https:\/\/ec.europa.eu\/odr. Rechtliche Hinweise zur Webseite Alle Texte, Bilder und weiter hier [...]","og_url":"https:\/\/www.naturkosmetiknuernberg.de\/fr\/mentions-legales\/","og_site_name":"Naturkosmetik N\u00fcrnberg","article_modified_time":"2023-09-20T17:37:35+00:00","twitter_card":"summary_large_image","twitter_misc":{"Dur\u00e9e de lecture estim\u00e9e":"2 minutes"},"schema":{"@context":"https:\/\/schema.org","@graph":[{"@type":"WebPage","@id":"https:\/\/www.naturkosmetiknuernberg.de\/fr\/mentions-legales\/","url":"https:\/\/www.naturkosmetiknuernberg.de\/fr\/mentions-legales\/","name":"Mentions l\u00e9gales - Naturkosmetik N\u00fcrnberg","isPartOf":{"@id":"https:\/\/www.naturkosmetiknuernberg.de\/fr\/#website"},"datePublished":"2020-01-25T19:44:48+00:00","dateModified":"2023-09-20T17:37:35+00:00","breadcrumb":{"@id":"https:\/\/www.naturkosmetiknuernberg.de\/fr\/mentions-legales\/#breadcrumb"},"inLanguage":"fr-FR","potentialAction":[{"@type":"ReadAction","target":["https:\/\/www.naturkosmetiknuernberg.de\/fr\/mentions-legales\/"]}]},{"@type":"BreadcrumbList","@id":"https:\/\/www.naturkosmetiknuernberg.de\/fr\/mentions-legales\/#breadcrumb","itemListElement":[{"@type":"ListItem","position":1,"name":"Startseite","item":"https:\/\/www.naturkosmetiknuernberg.de\/fr\/home\/"},{"@type":"ListItem","position":2,"name":"Mentions l\u00e9gales"}]},{"@type":"WebSite","@id":"https:\/\/www.naturkosmetiknuernberg.de\/fr\/#website","url":"https:\/\/www.naturkosmetiknuernberg.de\/fr\/","name":"Naturkosmetik N\u00fcrnberg","description":"","potentialAction":[{"@type":"SearchAction","target":{"@type":"EntryPoint","urlTemplate":"https:\/\/www.naturkosmetiknuernberg.de\/fr\/?s={search_term_string}"},"query-input":"required name=search_term_string"}],"inLanguage":"fr-FR"}]}},"_links":{"self":[{"href":"https:\/\/www.naturkosmetiknuernberg.de\/fr\/wp-json\/wp\/v2\/pages\/210"}],"collection":[{"href":"https:\/\/www.naturkosmetiknuernberg.de\/fr\/wp-json\/wp\/v2\/pages"}],"about":[{"href":"https:\/\/www.naturkosmetiknuernberg.de\/fr\/wp-json\/wp\/v2\/types\/page"}],"author":[{"embeddable":true,"href":"https:\/\/www.naturkosmetiknuernberg.de\/fr\/wp-json\/wp\/v2\/users\/1"}],"replies":[{"embeddable":true,"href":"https:\/\/www.naturkosmetiknuernberg.de\/fr\/wp-json\/wp\/v2\/comments?post=210"}],"version-history":[{"count":1,"href":"https:\/\/www.naturkosmetiknuernberg.de\/fr\/wp-json\/wp\/v2\/pages\/210\/revisions"}],"predecessor-version":[{"id":211,"href":"https:\/\/www.naturkosmetiknuernberg.de\/fr\/wp-json\/wp\/v2\/pages\/210\/revisions\/211"}],"wp:attachment":[{"href":"https:\/\/www.naturkosmetiknuernberg.de\/fr\/wp-json\/wp\/v2\/media?parent=210"}],"curies":[{"name":"wp","href":"https:\/\/api.w.org\/{rel}","templated":true}]}}