{"id":188,"date":"2020-01-25T20:46:23","date_gmt":"2020-01-25T19:46:23","guid":{"rendered":"https:\/\/www.naturkosmetiknuernberg.de\/home\/"},"modified":"2020-01-25T20:46:23","modified_gmt":"2020-01-25T19:46:23","slug":"home","status":"publish","type":"page","link":"https:\/\/www.naturkosmetiknuernberg.de\/fr\/","title":{"rendered":"Home"},"content":{"rendered":"\n\t<section class=\"section\" id=\"section_1239155231\">\n\t\t<div class=\"bg section-bg fill bg-fill  bg-loaded\" >\n\n\t\t\t\n\t\t\t\n\t\t\t\n\t<div class=\"is-border\"\n\t\tstyle=\"border-color:rgb(235, 235, 235);border-width:0px 0px 0px 0px;\">\n\t<\/div>\n\n\t\t<\/div>\n\n\t\t\n\n\t\t<div class=\"section-content relative\">\n\t\t\t\n\n<div class=\"row row-large align-middle align-center\"  id=\"row-1181763979\">\n\n\n\t<div id=\"col-1971912417\" class=\"col medium-6 small-10 large-6\"  >\n\t\t\t\t<div class=\"col-inner text-left dark\"  >\n\t\t\t\n\t\t\t\n\n<h1 style=\"text-align: left;\"><span style=\"font-size: 120%;\" data-text-color=\"primary\">Naturkosmetik N\u00fcrnberg: Sch\u00f6nheit ohne Tierversuche<\/span><\/h1>\n<p style=\"text-align: left;\" data-line-height=\"xl\"><span data-text-color=\"secondary\">Willkommen bei Naturkosmetik N\u00fcrnberg \u2013 dem unabh\u00e4ngigen Online-Ratgeber zum Thema Naturkosmetik, Bio-Kosmetik, vegane Kosmetik und Sch\u00f6nheit. Bei Organic Produkten sind Emulgatoren und Konservierungsstoffe auf naturnahe und nat\u00fcrliche Substanzen beschr\u00e4nkt. Zucker findet in der Naturkosmetik f\u00fcr waschaktive Substanzen als Rohstoff Verwendung. Nat\u00fcrliche Aromen, Kr\u00e4uterextrakte, \u00e4therische \u00d6le, Bl\u00fctenw\u00e4sser sowie fermentativ gewonnenes Ethanol kommen f\u00fcr Deos und Parfums zur Anwendung. In der Naturkosmetik werden meist Labels verwendet, die keinen Tierversuchen, ionisierender Strahlung oder Gentechnik ausgesetzt wurden. Auch wenn mildere pflanzliche Tenside im Gegensatz zu chemischen Produkte eine geringere Waschkraft haben, wird auf waschaktive Tenside in der Naturkosmetik verzichtet. Naturwaschmittel sind in der Regel hautfreundlicher. Es werden f\u00fcr Naturkosmetika ausschlie\u00dflich Rohstoffe aus der Wildsammlung oder kontrolliert biologischem Anbau bevorzugt.<\/span><\/p>\n\t<div id=\"gap-1053615678\" class=\"gap-element clearfix\" style=\"display:block; height:auto;\">\n\t\t\n<style>\n#gap-1053615678 {\n  padding-top: 30px;\n}\n<\/style>\n\t<\/div>\n\t\n\n<a rel=\"noopener noreferrer\" href=\"https:\/\/www.bio-naturkosmetik-muenchen.de\/was-ist-naturkosmetik\/\" target=\"_blank\" class=\"button primary\"  >\n    <span>Mehr erfahren<\/span>\n  <\/a>\n\n\n\n\t\t<\/div>\n\t\t\t\t\t<\/div>\n\n\t\n\n\t<div id=\"col-817842021\" class=\"col medium-6 small-10 large-6\"  >\n\t\t\t\t<div class=\"col-inner text-center dark\"  >\n\t\t\t\n\t\t\t\n\n\t<div id=\"gap-1904551589\" class=\"gap-element clearfix\" style=\"display:block; height:auto;\">\n\t\t\n<style>\n#gap-1904551589 {\n  padding-top: 7px;\n}\n<\/style>\n\t<\/div>\n\t\n\n<p style=\"text-align: left;\"><span data-text-color=\"secondary\">Im angels\u00e4chsischen Raum werden Naturkosmetik-Produkte und Sch\u00f6nheits-Artikel als <em>Organic cosmetics<\/em> und <em>Beauty products<\/em> bezeichnet. Seit Jahren werden Naturkosmetik-Produkte bei Verbraucherinnen und Verbrauchern immer beliebter. Die Nachfrage nach alternativen und nachhaltigen Kosmetikprodukten hat einen Markt etabliert und die Naturkosmetik von einem Nischen- zum Massenprodukt katapultiert. Im Gegensatz zu herk\u00f6mmlichen Kosmetikprodukten zeichnen sich Kosmetika auf Naturbasis durch folgende Eigenschaft: Sie werden aus nat\u00fcrlichen Rohstoffen hergestellt und sind f\u00fcr den Menschen und seine Umwelt schonender als chemische Kosmetikprodukte. Die Inhaltsstoffe der nat\u00fcrlichen Kosmetik haben eine pflanzliche, teilweise aber auch tierische oder mineralische Herkunft. Es werden Inhaltsstoffe wie Silikone, Parabene, synthetische Duftstoffe, Paraffine, Polyethylenglykol (PEG) und \u00e4hnliche Erd\u00f6lprodukte in der Herstellung nicht verwendet. Naturkosmetik N\u00fcrnberg steht f\u00fcr nachhaltige Naturkosmetik.<br \/><\/span><\/p>\n\n\t\t<\/div>\n\t\t\t\t\t<\/div>\n\n\t\n\n<\/div>\n\n\t\t<\/div>\n\n\t\t\n<style>\n#section_1239155231 {\n  padding-top: 39px;\n  padding-bottom: 39px;\n  min-height: 300px;\n  background-color: rgb(255, 255, 255);\n}\n<\/style>\n\t<\/section>\n\t\n<div class=\"text-center\"><div class=\"is-divider divider clearfix\" style=\"max-width:759px;height:1px;background-color:rgb(236, 118, 220);\"><\/div><\/div>\n\n\t<section class=\"section\" id=\"section_801666847\">\n\t\t<div class=\"bg section-bg fill bg-fill  bg-loaded\" >\n\n\t\t\t\n\t\t\t\n\t\t\t\n\t<div class=\"is-border\"\n\t\tstyle=\"border-color:rgb(235, 235, 235);border-width:0px 0px 0px 0px;\">\n\t<\/div>\n\n\t\t<\/div>\n\n\t\t\n\n\t\t<div class=\"section-content relative\">\n\t\t\t\n\n<div class=\"row row-large align-middle align-center\"  id=\"row-1779191367\">\n\n\n\t<div id=\"col-1780102656\" class=\"col small-12 large-12\"  >\n\t\t\t\t<div class=\"col-inner\"  >\n\t\t\t\n\t\t\t\n\n[amazon box=&#8221;B00HORT9OK,B00HORUKDE,B00KN0YC4C&#8221; grid=&#8221;3&#8243;]\n\n\t\t<\/div>\n\t\t\t\t\t<\/div>\n\n\t\n\n<\/div>\n\n\t\t<\/div>\n\n\t\t\n<style>\n#section_801666847 {\n  padding-top: 28px;\n  padding-bottom: 28px;\n  min-height: 300px;\n  background-color: rgb(255, 255, 255);\n}\n<\/style>\n\t<\/section>\n\t\n\t<section class=\"section\" id=\"section_1232620352\">\n\t\t<div class=\"bg section-bg fill bg-fill  bg-loaded\" >\n\n\t\t\t\n\t\t\t\n\t\t\t\n\t<div class=\"is-border\"\n\t\tstyle=\"border-color:rgb(235, 235, 235);border-width:0px 0px 0px 0px;\">\n\t<\/div>\n\n\t\t<\/div>\n\n\t\t\n\n\t\t<div class=\"section-content relative\">\n\t\t\t\n\n<div class=\"row row-large align-middle align-center\"  id=\"row-895261163\">\n\n\n\t<div id=\"col-1755282563\" class=\"col medium-6 small-10 large-6\"  >\n\t\t\t\t<div class=\"col-inner text-left dark\"  >\n\t\t\t\n\t\t\t\n\n<h1 style=\"text-align: left;\"><span style=\"font-size: 120%;\" data-text-color=\"primary\">Naturkosmetik N\u00fcrnberg: Warum Naturkosmetik<br \/><\/span><\/h1>\n<p style=\"text-align: left;\" data-line-height=\"xl\"><span data-text-color=\"secondary\">F\u00fcr Menschen mit sensibler Haut eignet sich Naturkosmetik bestens. Da keine Kunststoffartikel aus Polyethylen enthalten sind, ist Bio-Kosmetik wesentlich umweltfreundlicher als chemische Kosmetik. Indem diese Partikel durch die Kl\u00e4ranlagen-Filter flutschen gef\u00e4hrden sie den gesamten \u00d6kohaushalt. Naturkosmetik N\u00fcrnberg empfiehlt den Verzicht auf synthetische Lichtschutzfaktoren in der Sonnenmilch, da diese beim Schwimmen ins Wasser gelangen und daf\u00fcr sorgen, dass die Korallen ausbleichen. Organische Kosmetik vitalisiert den Verhornungsprozess und bew\u00e4hrt die Haut vor dem Austrocknen. Dabei helfen Jojoba-\u00d6le und Aloe Vera bei der Gesichtspflege und wirken antibakteriell gegen Akne und Pickel. Kr\u00e4uterextrakte aus Rosmarin, Salbei und Zitronengras reinigen die Kopfhaut und sorgen daf\u00fcr, dass der Schuppenbildung vorgebeugt wird. Hamamelis- und Rosenwasser eignen sich optimal als Gesichtswasser. Bei Naturkosmetik N\u00fcrnberg empfehlen wir nur solche Produkte, die den hohen Qualit\u00e4tsanforderungen der Naturkosmetik entsprechen.<\/span><\/p>\n\t<div id=\"gap-1113837989\" class=\"gap-element clearfix\" style=\"display:block; height:auto;\">\n\t\t\n<style>\n#gap-1113837989 {\n  padding-top: 30px;\n}\n<\/style>\n\t<\/div>\n\t\n\n<a rel=\"noopener noreferrer\" href=\"https:\/\/www.bio-naturkosmetik-muenchen.de\/was-bedeutet-naturkosmetik\/\" target=\"_blank\" class=\"button primary\"  >\n    <span>Mehr erfahren<\/span>\n  <\/a>\n\n\n\n\t\t<\/div>\n\t\t\t\t\t<\/div>\n\n\t\n\n\t<div id=\"col-575422373\" class=\"col medium-6 small-10 large-6\"  >\n\t\t\t\t<div class=\"col-inner text-center dark\"  >\n\t\t\t\n\t\t\t\n\n\t<div id=\"gap-931770045\" class=\"gap-element clearfix\" style=\"display:block; height:auto;\">\n\t\t\n<style>\n#gap-931770045 {\n  padding-top: 7px;\n}\n<\/style>\n\t<\/div>\n\t\n\n<p style=\"text-align: left;\"><span data-text-color=\"secondary\">Trotz dessen, dass der Begriff Naturkosmetik bis jetzt weder genau definiert noch rechtlich gesch\u00fctzt ist, hat die Nische einen regelrechten Aufstieg zum Massenprodukt erlebt. Die Vorteile der gr\u00fcnen Kosmetik werden von vielen Verbraucherinnen und Verbrauchern erkannt und die soziale Verantwortung wahrgenommen. Naturkosmetik N\u00fcrnberg hat die Zeichen der Zeit erkannt. Wir gehen mit gutem Beispiel voran \u2013 mit diesem unabh\u00e4ngigen Online-Ratgeber zum Thema Organic Beauty und Naturkosmetik. Meistens erhalten Naturkosmetik-Produkte einen Anteil an biologischen Inhaltsstoffen von 70 bis 95 Prozent. Einige Hersteller nehmen es jedoch bei der Herstellung von Naturkosmetika nicht so ernst und mischen Esteri\u00f6le bei. Dies sind gestreckte Natur\u00f6le die die Haut dauerhaft austrocknen. Folgende G\u00fctesiegel informieren \u00fcber die Standards in der Naturkosmetik und ver\u00f6ffentlichen jedes Jahr aktuelle Mindeststandards.<\/span><\/p>\n\n\t\t<\/div>\n\t\t\t\t\t<\/div>\n\n\t\n\n<\/div>\n\n\t\t<\/div>\n\n\t\t\n<style>\n#section_1232620352 {\n  padding-top: 39px;\n  padding-bottom: 39px;\n  min-height: 300px;\n  background-color: rgb(255, 255, 255);\n}\n<\/style>\n\t<\/section>\n\t\n<div class=\"text-center\"><div class=\"is-divider divider clearfix\" style=\"max-width:759px;height:1px;background-color:rgb(236, 118, 220);\"><\/div><\/div>\n\n\t<section class=\"section\" id=\"section_1784584131\">\n\t\t<div class=\"bg section-bg fill bg-fill  bg-loaded\" >\n\n\t\t\t\n\t\t\t\n\t\t\t\n\t<div class=\"is-border\"\n\t\tstyle=\"border-color:rgb(235, 235, 235);border-width:0px 0px 0px 0px;\">\n\t<\/div>\n\n\t\t<\/div>\n\n\t\t\n\n\t\t<div class=\"section-content relative\">\n\t\t\t\n\n<div class=\"row row-large align-middle align-center\"  id=\"row-2082022320\">\n\n\n\t<div id=\"col-178088725\" class=\"col small-12 large-12\"  >\n\t\t\t\t<div class=\"col-inner\"  >\n\t\t\t\n\t\t\t\n\n[amazon box=&#8221;B00NC3FSPE,B00INZPRJ8,B00IHVB24C&#8221; grid=&#8221;3&#8243;]\n\n\t\t<\/div>\n\t\t\t\t\t<\/div>\n\n\t\n\n<\/div>\n\n\t\t<\/div>\n\n\t\t\n<style>\n#section_1784584131 {\n  padding-top: 28px;\n  padding-bottom: 28px;\n  min-height: 300px;\n  background-color: rgb(255, 255, 255);\n}\n<\/style>\n\t<\/section>\n\t\n","protected":false},"excerpt":{"rendered":"","protected":false},"author":1,"featured_media":0,"parent":0,"menu_order":0,"comment_status":"closed","ping_status":"closed","template":"page-blank.php","meta":{"_mi_skip_tracking":false,"_monsterinsights_sitenote_active":false,"_monsterinsights_sitenote_note":"","_monsterinsights_sitenote_category":0,"footnotes":""},"yoast_head":"<!-- This site is optimized with the Yoast SEO plugin v21.2 - https:\/\/yoast.com\/wordpress\/plugins\/seo\/ -->\n<title>Home - Naturkosmetik N\u00fcrnberg<\/title>\n<meta name=\"robots\" content=\"index, follow, max-snippet:-1, max-image-preview:large, max-video-preview:-1\" \/>\n<link rel=\"canonical\" href=\"https:\/\/www.naturkosmetiknuernberg.de\/fr\/\" \/>\n<meta property=\"og:locale\" content=\"fr_FR\" \/>\n<meta property=\"og:type\" content=\"article\" \/>\n<meta property=\"og:title\" content=\"Home - Naturkosmetik N\u00fcrnberg\" \/>\n<meta property=\"og:url\" content=\"https:\/\/www.naturkosmetiknuernberg.de\/fr\/\" \/>\n<meta property=\"og:site_name\" content=\"Naturkosmetik N\u00fcrnberg\" \/>\n<meta name=\"twitter:card\" content=\"summary_large_image\" \/>\n<meta name=\"twitter:label1\" content=\"Dur\u00e9e de lecture estim\u00e9e\" \/>\n\t<meta name=\"twitter:data1\" content=\"4 minutes\" \/>\n<script type=\"application\/ld+json\" class=\"yoast-schema-graph\">{\"@context\":\"https:\/\/schema.org\",\"@graph\":[{\"@type\":\"WebPage\",\"@id\":\"https:\/\/www.naturkosmetiknuernberg.de\/fr\/\",\"url\":\"https:\/\/www.naturkosmetiknuernberg.de\/fr\/\",\"name\":\"Home - Naturkosmetik N\u00fcrnberg\",\"isPartOf\":{\"@id\":\"https:\/\/www.naturkosmetiknuernberg.de\/fr\/#website\"},\"datePublished\":\"2020-01-25T19:46:23+00:00\",\"dateModified\":\"2020-01-25T19:46:23+00:00\",\"breadcrumb\":{\"@id\":\"https:\/\/www.naturkosmetiknuernberg.de\/fr\/#breadcrumb\"},\"inLanguage\":\"fr-FR\",\"potentialAction\":[{\"@type\":\"ReadAction\",\"target\":[\"https:\/\/www.naturkosmetiknuernberg.de\/fr\/\"]}]},{\"@type\":\"BreadcrumbList\",\"@id\":\"https:\/\/www.naturkosmetiknuernberg.de\/fr\/#breadcrumb\",\"itemListElement\":[{\"@type\":\"ListItem\",\"position\":1,\"name\":\"Startseite\",\"item\":\"https:\/\/www.naturkosmetiknuernberg.de\/fr\/home\/\"},{\"@type\":\"ListItem\",\"position\":2,\"name\":\"Home\"}]},{\"@type\":\"WebSite\",\"@id\":\"https:\/\/www.naturkosmetiknuernberg.de\/fr\/#website\",\"url\":\"https:\/\/www.naturkosmetiknuernberg.de\/fr\/\",\"name\":\"Naturkosmetik N\u00fcrnberg\",\"description\":\"\",\"potentialAction\":[{\"@type\":\"SearchAction\",\"target\":{\"@type\":\"EntryPoint\",\"urlTemplate\":\"https:\/\/www.naturkosmetiknuernberg.de\/fr\/?s={search_term_string}\"},\"query-input\":\"required name=search_term_string\"}],\"inLanguage\":\"fr-FR\"}]}<\/script>\n<!-- \/ Yoast SEO plugin. -->","yoast_head_json":{"title":"Home - Naturkosmetik N\u00fcrnberg","robots":{"index":"index","follow":"follow","max-snippet":"max-snippet:-1","max-image-preview":"max-image-preview:large","max-video-preview":"max-video-preview:-1"},"canonical":"https:\/\/www.naturkosmetiknuernberg.de\/fr\/","og_locale":"fr_FR","og_type":"article","og_title":"Home - Naturkosmetik N\u00fcrnberg","og_url":"https:\/\/www.naturkosmetiknuernberg.de\/fr\/","og_site_name":"Naturkosmetik N\u00fcrnberg","twitter_card":"summary_large_image","twitter_misc":{"Dur\u00e9e de lecture estim\u00e9e":"4 minutes"},"schema":{"@context":"https:\/\/schema.org","@graph":[{"@type":"WebPage","@id":"https:\/\/www.naturkosmetiknuernberg.de\/fr\/","url":"https:\/\/www.naturkosmetiknuernberg.de\/fr\/","name":"Home - Naturkosmetik N\u00fcrnberg","isPartOf":{"@id":"https:\/\/www.naturkosmetiknuernberg.de\/fr\/#website"},"datePublished":"2020-01-25T19:46:23+00:00","dateModified":"2020-01-25T19:46:23+00:00","breadcrumb":{"@id":"https:\/\/www.naturkosmetiknuernberg.de\/fr\/#breadcrumb"},"inLanguage":"fr-FR","potentialAction":[{"@type":"ReadAction","target":["https:\/\/www.naturkosmetiknuernberg.de\/fr\/"]}]},{"@type":"BreadcrumbList","@id":"https:\/\/www.naturkosmetiknuernberg.de\/fr\/#breadcrumb","itemListElement":[{"@type":"ListItem","position":1,"name":"Startseite","item":"https:\/\/www.naturkosmetiknuernberg.de\/fr\/home\/"},{"@type":"ListItem","position":2,"name":"Home"}]},{"@type":"WebSite","@id":"https:\/\/www.naturkosmetiknuernberg.de\/fr\/#website","url":"https:\/\/www.naturkosmetiknuernberg.de\/fr\/","name":"Naturkosmetik N\u00fcrnberg","description":"","potentialAction":[{"@type":"SearchAction","target":{"@type":"EntryPoint","urlTemplate":"https:\/\/www.naturkosmetiknuernberg.de\/fr\/?s={search_term_string}"},"query-input":"required name=search_term_string"}],"inLanguage":"fr-FR"}]}},"_links":{"self":[{"href":"https:\/\/www.naturkosmetiknuernberg.de\/fr\/wp-json\/wp\/v2\/pages\/188"}],"collection":[{"href":"https:\/\/www.naturkosmetiknuernberg.de\/fr\/wp-json\/wp\/v2\/pages"}],"about":[{"href":"https:\/\/www.naturkosmetiknuernberg.de\/fr\/wp-json\/wp\/v2\/types\/page"}],"author":[{"embeddable":true,"href":"https:\/\/www.naturkosmetiknuernberg.de\/fr\/wp-json\/wp\/v2\/users\/1"}],"replies":[{"embeddable":true,"href":"https:\/\/www.naturkosmetiknuernberg.de\/fr\/wp-json\/wp\/v2\/comments?post=188"}],"version-history":[{"count":0,"href":"https:\/\/www.naturkosmetiknuernberg.de\/fr\/wp-json\/wp\/v2\/pages\/188\/revisions"}],"wp:attachment":[{"href":"https:\/\/www.naturkosmetiknuernberg.de\/fr\/wp-json\/wp\/v2\/media?parent=188"}],"curies":[{"name":"wp","href":"https:\/\/api.w.org\/{rel}","templated":true}]}}